{"id":4050,"date":"2014-09-18T13:06:37","date_gmt":"2014-09-18T11:06:37","guid":{"rendered":"https:\/\/www.vanhellenberghubar.org\/?page_id=4050"},"modified":"2021-11-13T16:58:22","modified_gmt":"2021-11-13T15:58:22","slug":"interbellumdatabase-schoonbrood","status":"publish","type":"page","link":"https:\/\/www.vanhellenberghubar.org\/index.php\/archief\/doorverwijzingen\/interbellumdatabase-schoonbrood\/","title":{"rendered":"<a href=\"http:\/\/wp.me\/p4eh3s-fU\">Schoonbrood in de Hubertuskerk te Maastricht<\/a>"},"content":{"rendered":"<p>Dit is een doorverwijspagina naar: <a title=\"Interbellumdatabase: Schoonbrood in de Hubertuskerk te Maastricht\" href=\"https:\/\/www.vanhellenberghubar.org\/index.php\/interbellumdatabase-schoonbrood-in-de-hubertuskerk-te-maastricht\/\">Interbellumdatabase: Schoonbrood in de Hubertuskerk te Maastricht<\/a>.<\/p>\n<p><a href=\"https:\/\/www.vanhellenberghubar.org\/index.php\/interbellumdatabase-schoonbrood-in-de-hubertuskerk-te-maastricht\/\"><img data-recalc-dims=\"1\" loading=\"lazy\" decoding=\"async\" data-attachment-id=\"10469\" data-permalink=\"https:\/\/www.vanhellenberghubar.org\/index.php\/bibliodoc\/bernadette2all\/2-wordle-doorverwijspagina-2de-serie\/#main\" data-orig-file=\"https:\/\/i0.wp.com\/www.vanhellenberghubar.org\/wp-content\/uploads\/2017\/12\/2-Wordle-doorverwijspagina-2de-serie-e1542384295388.png?fit=511%2C540&amp;ssl=1\" data-orig-size=\"511,540\" data-comments-opened=\"0\" data-image-meta=\"{&quot;aperture&quot;:&quot;0&quot;,&quot;credit&quot;:&quot;&quot;,&quot;camera&quot;:&quot;&quot;,&quot;caption&quot;:&quot;&quot;,&quot;created_timestamp&quot;:&quot;0&quot;,&quot;copyright&quot;:&quot;&quot;,&quot;focal_length&quot;:&quot;0&quot;,&quot;iso&quot;:&quot;0&quot;,&quot;shutter_speed&quot;:&quot;0&quot;,&quot;title&quot;:&quot;&quot;,&quot;orientation&quot;:&quot;0&quot;}\" data-image-title=\"Doorverwijspagina\" data-image-description=\"\" data-image-caption=\"\" data-medium-file=\"https:\/\/i0.wp.com\/www.vanhellenberghubar.org\/wp-content\/uploads\/2017\/12\/2-Wordle-doorverwijspagina-2de-serie-e1542384295388.png?fit=600%2C392&amp;ssl=1\" data-large-file=\"https:\/\/i0.wp.com\/www.vanhellenberghubar.org\/wp-content\/uploads\/2017\/12\/2-Wordle-doorverwijspagina-2de-serie-e1542384295388.png?fit=511%2C540&amp;ssl=1\" class=\"alignnone size-full wp-image-10469\" src=\"https:\/\/i0.wp.com\/www.vanhellenberghubar.org\/wp-content\/uploads\/2017\/12\/2-Wordle-doorverwijspagina-2de-serie-e1542384295388.png?resize=511%2C540&#038;ssl=1\" alt=\"Doorverwijspagina\" width=\"511\" height=\"540\" srcset=\"https:\/\/i0.wp.com\/www.vanhellenberghubar.org\/wp-content\/uploads\/2017\/12\/2-Wordle-doorverwijspagina-2de-serie-e1542384295388.png?w=511&amp;ssl=1 511w, https:\/\/i0.wp.com\/www.vanhellenberghubar.org\/wp-content\/uploads\/2017\/12\/2-Wordle-doorverwijspagina-2de-serie-e1542384295388.png?resize=284%2C300&amp;ssl=1 284w\" sizes=\"auto, (max-width: 511px) 100vw, 511px\" \/><\/a><\/p>\n<p>Meer weten over mijn gedichten? Volg dan deze <a href=\"https:\/\/www.vanhellenberghubar.org\/index.php\/homo-ludens\/dichtwerk\/\">link<\/a>.<\/p>\n<p>;-) B.<\/p>\n<p><a href=\"https:\/\/i0.wp.com\/www.vanhellenberghubar.org\/wp-content\/uploads\/2015\/09\/BVHH_logo_basis1-rapport-spiegel.png?ssl=1\"><img data-recalc-dims=\"1\" loading=\"lazy\" decoding=\"async\" data-attachment-id=\"6772\" data-permalink=\"https:\/\/www.vanhellenberghubar.org\/?attachment_id=6772#main\" data-orig-file=\"https:\/\/i0.wp.com\/www.vanhellenberghubar.org\/wp-content\/uploads\/2015\/09\/BVHH_logo_basis1-rapport-spiegel.png?fit=368%2C420&amp;ssl=1\" data-orig-size=\"368,420\" data-comments-opened=\"0\" data-image-meta=\"{&quot;aperture&quot;:&quot;0&quot;,&quot;credit&quot;:&quot;&quot;,&quot;camera&quot;:&quot;&quot;,&quot;caption&quot;:&quot;&quot;,&quot;created_timestamp&quot;:&quot;0&quot;,&quot;copyright&quot;:&quot;&quot;,&quot;focal_length&quot;:&quot;0&quot;,&quot;iso&quot;:&quot;0&quot;,&quot;shutter_speed&quot;:&quot;0&quot;,&quot;title&quot;:&quot;&quot;,&quot;orientation&quot;:&quot;0&quot;}\" data-image-title=\"BVHH_logo_basis1-rapport-spiegel\" data-image-description=\"\" data-image-caption=\"\" data-medium-file=\"https:\/\/i0.wp.com\/www.vanhellenberghubar.org\/wp-content\/uploads\/2015\/09\/BVHH_logo_basis1-rapport-spiegel.png?fit=368%2C420&amp;ssl=1\" data-large-file=\"https:\/\/i0.wp.com\/www.vanhellenberghubar.org\/wp-content\/uploads\/2015\/09\/BVHH_logo_basis1-rapport-spiegel.png?fit=368%2C420&amp;ssl=1\" class=\"alignnone wp-image-6772\" title=\"Vragen? Stuur een mailtje naar bernadette@vanhellenberghubar.org!\" src=\"https:\/\/i0.wp.com\/www.vanhellenberghubar.org\/wp-content\/uploads\/2015\/09\/BVHH_logo_basis1-rapport-spiegel.png?resize=71%2C81&#038;ssl=1\" alt=\"Vragen? Stuur een mailtje naar bernadette@vanhellenberghubar.org!\" width=\"71\" height=\"81\" srcset=\"https:\/\/i0.wp.com\/www.vanhellenberghubar.org\/wp-content\/uploads\/2015\/09\/BVHH_logo_basis1-rapport-spiegel.png?resize=263%2C300&amp;ssl=1 263w, https:\/\/i0.wp.com\/www.vanhellenberghubar.org\/wp-content\/uploads\/2015\/09\/BVHH_logo_basis1-rapport-spiegel.png?w=368&amp;ssl=1 368w\" sizes=\"auto, (max-width: 71px) 100vw, 71px\" \/><\/a><\/p>\n","protected":false},"excerpt":{"rendered":"<p>Dit is een doorverwijspagina naar: Interbellumdatabase: Schoonbrood in de Hubertuskerk te Maastricht. Meer weten over mijn gedichten? Volg dan deze link. ;-) B.<\/p>\n","protected":false},"author":2,"featured_media":10469,"parent":14344,"menu_order":0,"comment_status":"open","ping_status":"open","template":"","meta":{"ngg_post_thumbnail":0,"jetpack_post_was_ever_published":false,"footnotes":""},"tags":[203,1601,104,1560],"class_list":["post-4050","page","type-page","status-publish","has-post-thumbnail","hentry","tag-beeldgedichten","tag-gedicht-op-maandag","tag-gedichten-op-locatie","tag-gedichten4all"],"yoast_head":"<!-- This site is optimized with the Yoast SEO plugin v26.8 - https:\/\/yoast.com\/product\/yoast-seo-wordpress\/ -->\n<title>Schoonbrood in de Hubertuskerk te Maastricht - VanHellenbergHubar.org<\/title>\n<meta name=\"robots\" content=\"index, follow, max-snippet:-1, max-image-preview:large, max-video-preview:-1\" \/>\n<link rel=\"canonical\" href=\"https:\/\/www.vanhellenberghubar.org\/index.php\/archief\/doorverwijzingen\/interbellumdatabase-schoonbrood\/\" \/>\n<meta property=\"og:locale\" content=\"nl_NL\" \/>\n<meta property=\"og:type\" content=\"article\" \/>\n<meta property=\"og:title\" content=\"Schoonbrood in de Hubertuskerk te Maastricht - VanHellenbergHubar.org\" \/>\n<meta property=\"og:description\" content=\"Dit is een doorverwijspagina naar: Interbellumdatabase: Schoonbrood in de Hubertuskerk te Maastricht. Meer weten over mijn gedichten? Volg dan deze link. ;-) B.\" \/>\n<meta property=\"og:url\" content=\"https:\/\/www.vanhellenberghubar.org\/index.php\/archief\/doorverwijzingen\/interbellumdatabase-schoonbrood\/\" \/>\n<meta property=\"og:site_name\" content=\"VanHellenbergHubar.org\" \/>\n<meta property=\"article:publisher\" content=\"https:\/\/www.facebook.com\/bern4dette\" \/>\n<meta property=\"article:modified_time\" content=\"2021-11-13T15:58:22+00:00\" \/>\n<meta property=\"og:image\" content=\"https:\/\/i1.wp.com\/www.vanhellenberghubar.org\/wp-content\/uploads\/2017\/12\/2-Wordle-doorverwijspagina-2de-serie-e1542384295388.png?fit=511%2C540&ssl=1\" \/>\n\t<meta property=\"og:image:width\" content=\"511\" \/>\n\t<meta property=\"og:image:height\" content=\"540\" \/>\n\t<meta property=\"og:image:type\" content=\"image\/png\" \/>\n<script type=\"application\/ld+json\" class=\"yoast-schema-graph\">{\"@context\":\"https:\/\/schema.org\",\"@graph\":[{\"@type\":\"WebPage\",\"@id\":\"https:\/\/www.vanhellenberghubar.org\/index.php\/archief\/doorverwijzingen\/interbellumdatabase-schoonbrood\/\",\"url\":\"https:\/\/www.vanhellenberghubar.org\/index.php\/archief\/doorverwijzingen\/interbellumdatabase-schoonbrood\/\",\"name\":\"Schoonbrood in de Hubertuskerk te Maastricht - VanHellenbergHubar.org\",\"isPartOf\":{\"@id\":\"https:\/\/www.vanhellenberghubar.org\/#website\"},\"primaryImageOfPage\":{\"@id\":\"https:\/\/www.vanhellenberghubar.org\/index.php\/archief\/doorverwijzingen\/interbellumdatabase-schoonbrood\/#primaryimage\"},\"image\":{\"@id\":\"https:\/\/www.vanhellenberghubar.org\/index.php\/archief\/doorverwijzingen\/interbellumdatabase-schoonbrood\/#primaryimage\"},\"thumbnailUrl\":\"https:\/\/i0.wp.com\/www.vanhellenberghubar.org\/wp-content\/uploads\/2017\/12\/2-Wordle-doorverwijspagina-2de-serie-e1542384295388.png?fit=511%2C540&ssl=1\",\"datePublished\":\"2014-09-18T11:06:37+00:00\",\"dateModified\":\"2021-11-13T15:58:22+00:00\",\"breadcrumb\":{\"@id\":\"https:\/\/www.vanhellenberghubar.org\/index.php\/archief\/doorverwijzingen\/interbellumdatabase-schoonbrood\/#breadcrumb\"},\"inLanguage\":\"nl-NL\",\"potentialAction\":[{\"@type\":\"ReadAction\",\"target\":[\"https:\/\/www.vanhellenberghubar.org\/index.php\/archief\/doorverwijzingen\/interbellumdatabase-schoonbrood\/\"]}]},{\"@type\":\"ImageObject\",\"inLanguage\":\"nl-NL\",\"@id\":\"https:\/\/www.vanhellenberghubar.org\/index.php\/archief\/doorverwijzingen\/interbellumdatabase-schoonbrood\/#primaryimage\",\"url\":\"https:\/\/i0.wp.com\/www.vanhellenberghubar.org\/wp-content\/uploads\/2017\/12\/2-Wordle-doorverwijspagina-2de-serie-e1542384295388.png?fit=511%2C540&ssl=1\",\"contentUrl\":\"https:\/\/i0.wp.com\/www.vanhellenberghubar.org\/wp-content\/uploads\/2017\/12\/2-Wordle-doorverwijspagina-2de-serie-e1542384295388.png?fit=511%2C540&ssl=1\",\"width\":511,\"height\":540,\"caption\":\"Doorverwijspagina\"},{\"@type\":\"BreadcrumbList\",\"@id\":\"https:\/\/www.vanhellenberghubar.org\/index.php\/archief\/doorverwijzingen\/interbellumdatabase-schoonbrood\/#breadcrumb\",\"itemListElement\":[{\"@type\":\"ListItem\",\"position\":1,\"name\":\"Home\",\"item\":\"https:\/\/www.vanhellenberghubar.org\/\"},{\"@type\":\"ListItem\",\"position\":2,\"name\":\"Archief &#038;\",\"item\":\"https:\/\/www.vanhellenberghubar.org\/index.php\/archief\/\"},{\"@type\":\"ListItem\",\"position\":3,\"name\":\"Doorverwijzingen\",\"item\":\"https:\/\/www.vanhellenberghubar.org\/index.php\/archief\/doorverwijzingen\/\"},{\"@type\":\"ListItem\",\"position\":4,\"name\":\"Schoonbrood in de Hubertuskerk te Maastricht\"}]},{\"@type\":\"WebSite\",\"@id\":\"https:\/\/www.vanhellenberghubar.org\/#website\",\"url\":\"https:\/\/www.vanhellenberghubar.org\/\",\"name\":\"VanHellenbergHubar.org\",\"description\":\"Kunst, cultuur &amp; erfgoed\",\"publisher\":{\"@id\":\"https:\/\/www.vanhellenberghubar.org\/#organization\"},\"potentialAction\":[{\"@type\":\"SearchAction\",\"target\":{\"@type\":\"EntryPoint\",\"urlTemplate\":\"https:\/\/www.vanhellenberghubar.org\/?s={search_term_string}\"},\"query-input\":{\"@type\":\"PropertyValueSpecification\",\"valueRequired\":true,\"valueName\":\"search_term_string\"}}],\"inLanguage\":\"nl-NL\"},{\"@type\":\"Organization\",\"@id\":\"https:\/\/www.vanhellenberghubar.org\/#organization\",\"name\":\"VanHellenbergHubar.Org\",\"url\":\"https:\/\/www.vanhellenberghubar.org\/\",\"logo\":{\"@type\":\"ImageObject\",\"inLanguage\":\"nl-NL\",\"@id\":\"https:\/\/www.vanhellenberghubar.org\/#\/schema\/logo\/image\/\",\"url\":\"https:\/\/i1.wp.com\/www.vanhellenberghubar.org\/wp-content\/uploads\/2015\/11\/BVHH_logo_basis1-kleiner.png?fit=456%2C506&ssl=1\",\"contentUrl\":\"https:\/\/i1.wp.com\/www.vanhellenberghubar.org\/wp-content\/uploads\/2015\/11\/BVHH_logo_basis1-kleiner.png?fit=456%2C506&ssl=1\",\"width\":456,\"height\":506,\"caption\":\"VanHellenbergHubar.Org\"},\"image\":{\"@id\":\"https:\/\/www.vanhellenberghubar.org\/#\/schema\/logo\/image\/\"},\"sameAs\":[\"https:\/\/www.facebook.com\/bern4dette\",\"https:\/\/x.com\/Bern4dette\",\"https:\/\/www.instagram.com\/bernadettevanhellenberghubar\/\",\"https:\/\/www.linkedin.com\/in\/vanhellenberghubar\/\",\"https:\/\/nl.pinterest.com\/bern4dette\/\",\"https:\/\/www.youtube.com\/channel\/UCYTa5JeAX_BImf33KUQDBYA\"]}]}<\/script>\n<!-- \/ Yoast SEO plugin. -->","yoast_head_json":{"title":"Schoonbrood in de Hubertuskerk te Maastricht - VanHellenbergHubar.org","robots":{"index":"index","follow":"follow","max-snippet":"max-snippet:-1","max-image-preview":"max-image-preview:large","max-video-preview":"max-video-preview:-1"},"canonical":"https:\/\/www.vanhellenberghubar.org\/index.php\/archief\/doorverwijzingen\/interbellumdatabase-schoonbrood\/","og_locale":"nl_NL","og_type":"article","og_title":"Schoonbrood in de Hubertuskerk te Maastricht - VanHellenbergHubar.org","og_description":"Dit is een doorverwijspagina naar: Interbellumdatabase: Schoonbrood in de Hubertuskerk te Maastricht. Meer weten over mijn gedichten? Volg dan deze link. ;-) B.","og_url":"https:\/\/www.vanhellenberghubar.org\/index.php\/archief\/doorverwijzingen\/interbellumdatabase-schoonbrood\/","og_site_name":"VanHellenbergHubar.org","article_publisher":"https:\/\/www.facebook.com\/bern4dette","article_modified_time":"2021-11-13T15:58:22+00:00","og_image":[{"width":511,"height":540,"url":"https:\/\/i1.wp.com\/www.vanhellenberghubar.org\/wp-content\/uploads\/2017\/12\/2-Wordle-doorverwijspagina-2de-serie-e1542384295388.png?fit=511%2C540&ssl=1","type":"image\/png"}],"schema":{"@context":"https:\/\/schema.org","@graph":[{"@type":"WebPage","@id":"https:\/\/www.vanhellenberghubar.org\/index.php\/archief\/doorverwijzingen\/interbellumdatabase-schoonbrood\/","url":"https:\/\/www.vanhellenberghubar.org\/index.php\/archief\/doorverwijzingen\/interbellumdatabase-schoonbrood\/","name":"Schoonbrood in de Hubertuskerk te Maastricht - VanHellenbergHubar.org","isPartOf":{"@id":"https:\/\/www.vanhellenberghubar.org\/#website"},"primaryImageOfPage":{"@id":"https:\/\/www.vanhellenberghubar.org\/index.php\/archief\/doorverwijzingen\/interbellumdatabase-schoonbrood\/#primaryimage"},"image":{"@id":"https:\/\/www.vanhellenberghubar.org\/index.php\/archief\/doorverwijzingen\/interbellumdatabase-schoonbrood\/#primaryimage"},"thumbnailUrl":"https:\/\/i0.wp.com\/www.vanhellenberghubar.org\/wp-content\/uploads\/2017\/12\/2-Wordle-doorverwijspagina-2de-serie-e1542384295388.png?fit=511%2C540&ssl=1","datePublished":"2014-09-18T11:06:37+00:00","dateModified":"2021-11-13T15:58:22+00:00","breadcrumb":{"@id":"https:\/\/www.vanhellenberghubar.org\/index.php\/archief\/doorverwijzingen\/interbellumdatabase-schoonbrood\/#breadcrumb"},"inLanguage":"nl-NL","potentialAction":[{"@type":"ReadAction","target":["https:\/\/www.vanhellenberghubar.org\/index.php\/archief\/doorverwijzingen\/interbellumdatabase-schoonbrood\/"]}]},{"@type":"ImageObject","inLanguage":"nl-NL","@id":"https:\/\/www.vanhellenberghubar.org\/index.php\/archief\/doorverwijzingen\/interbellumdatabase-schoonbrood\/#primaryimage","url":"https:\/\/i0.wp.com\/www.vanhellenberghubar.org\/wp-content\/uploads\/2017\/12\/2-Wordle-doorverwijspagina-2de-serie-e1542384295388.png?fit=511%2C540&ssl=1","contentUrl":"https:\/\/i0.wp.com\/www.vanhellenberghubar.org\/wp-content\/uploads\/2017\/12\/2-Wordle-doorverwijspagina-2de-serie-e1542384295388.png?fit=511%2C540&ssl=1","width":511,"height":540,"caption":"Doorverwijspagina"},{"@type":"BreadcrumbList","@id":"https:\/\/www.vanhellenberghubar.org\/index.php\/archief\/doorverwijzingen\/interbellumdatabase-schoonbrood\/#breadcrumb","itemListElement":[{"@type":"ListItem","position":1,"name":"Home","item":"https:\/\/www.vanhellenberghubar.org\/"},{"@type":"ListItem","position":2,"name":"Archief &#038;","item":"https:\/\/www.vanhellenberghubar.org\/index.php\/archief\/"},{"@type":"ListItem","position":3,"name":"Doorverwijzingen","item":"https:\/\/www.vanhellenberghubar.org\/index.php\/archief\/doorverwijzingen\/"},{"@type":"ListItem","position":4,"name":"Schoonbrood in de Hubertuskerk te Maastricht"}]},{"@type":"WebSite","@id":"https:\/\/www.vanhellenberghubar.org\/#website","url":"https:\/\/www.vanhellenberghubar.org\/","name":"VanHellenbergHubar.org","description":"Kunst, cultuur &amp; erfgoed","publisher":{"@id":"https:\/\/www.vanhellenberghubar.org\/#organization"},"potentialAction":[{"@type":"SearchAction","target":{"@type":"EntryPoint","urlTemplate":"https:\/\/www.vanhellenberghubar.org\/?s={search_term_string}"},"query-input":{"@type":"PropertyValueSpecification","valueRequired":true,"valueName":"search_term_string"}}],"inLanguage":"nl-NL"},{"@type":"Organization","@id":"https:\/\/www.vanhellenberghubar.org\/#organization","name":"VanHellenbergHubar.Org","url":"https:\/\/www.vanhellenberghubar.org\/","logo":{"@type":"ImageObject","inLanguage":"nl-NL","@id":"https:\/\/www.vanhellenberghubar.org\/#\/schema\/logo\/image\/","url":"https:\/\/i1.wp.com\/www.vanhellenberghubar.org\/wp-content\/uploads\/2015\/11\/BVHH_logo_basis1-kleiner.png?fit=456%2C506&ssl=1","contentUrl":"https:\/\/i1.wp.com\/www.vanhellenberghubar.org\/wp-content\/uploads\/2015\/11\/BVHH_logo_basis1-kleiner.png?fit=456%2C506&ssl=1","width":456,"height":506,"caption":"VanHellenbergHubar.Org"},"image":{"@id":"https:\/\/www.vanhellenberghubar.org\/#\/schema\/logo\/image\/"},"sameAs":["https:\/\/www.facebook.com\/bern4dette","https:\/\/x.com\/Bern4dette","https:\/\/www.instagram.com\/bernadettevanhellenberghubar\/","https:\/\/www.linkedin.com\/in\/vanhellenberghubar\/","https:\/\/nl.pinterest.com\/bern4dette\/","https:\/\/www.youtube.com\/channel\/UCYTa5JeAX_BImf33KUQDBYA"]}]}},"jetpack_sharing_enabled":true,"jetpack-related-posts":[{"id":10033,"url":"https:\/\/www.vanhellenberghubar.org\/index.php\/archief\/webitems\/salome\/","url_meta":{"origin":4050,"position":0},"title":"Salom\u00e9","author":"Bernadette van Hellenberg Hubar","date":"1 oktober 2017","format":false,"excerpt":"Salom\u00e9 (2008) Ach, Salom\u00e9! Wie ooit de avant-gardistische opera uit 1904 van Richard Strauss heeft gezien zal Salom\u00e9 nooit meer vergeten. Ook hiervoor verwijs ik naar Wikipedia, waar de opera (gecomponeerd naar een roman van Oscar Wilde) toegelicht wordt. Hier voldoet het verhaal dat de dans van Salom\u00e9 leidde tot\u2026","rel":"","context":"In \"#Gom\"","block_context":{"text":"#Gom","link":"https:\/\/www.vanhellenberghubar.org\/index.php\/tag\/gom\/"},"img":{"alt_text":"Salome, Assez de Place 2008","src":"https:\/\/i0.wp.com\/www.vanhellenberghubar.org\/wp-content\/uploads\/2017\/10\/Gedicht-op-maandag-Gom-Salome-Assez-de-Place.png?fit=873%2C1200&ssl=1&resize=350%2C200","width":350,"height":200,"srcset":"https:\/\/i0.wp.com\/www.vanhellenberghubar.org\/wp-content\/uploads\/2017\/10\/Gedicht-op-maandag-Gom-Salome-Assez-de-Place.png?fit=873%2C1200&ssl=1&resize=350%2C200 1x, https:\/\/i0.wp.com\/www.vanhellenberghubar.org\/wp-content\/uploads\/2017\/10\/Gedicht-op-maandag-Gom-Salome-Assez-de-Place.png?fit=873%2C1200&ssl=1&resize=525%2C300 1.5x, https:\/\/i0.wp.com\/www.vanhellenberghubar.org\/wp-content\/uploads\/2017\/10\/Gedicht-op-maandag-Gom-Salome-Assez-de-Place.png?fit=873%2C1200&ssl=1&resize=700%2C400 2x"},"classes":[]},{"id":1002,"url":"https:\/\/www.vanhellenberghubar.org\/index.php\/projecten\/interbellumdatabase\/","url_meta":{"origin":4050,"position":1},"title":"Interbellumdatabase(s) &#8216;De genade van de steiger&#8217;","author":"Bernadette van Hellenberg Hubar","date":"1 februari 2014","format":false,"excerpt":"Interbellumdatabase(s) 'De genade van de steiger' is een verhaal over laaghangend fruit dat rijp is om geplukt te worden. Je leest er meer over hieronder na de inhoudsopgave. Onderstaande fotoreportages van het onderzoek naar 'De genade van de steiger' ... ... staan niet langer on line vanwege de kosten van\u2026","rel":"","context":"In \"#GvdS\"","block_context":{"text":"#GvdS","link":"https:\/\/www.vanhellenberghubar.org\/index.php\/tag\/gvds\/"},"img":{"alt_text":"A. Federle in de oud-katholieke Gertrudiskerk te Utrecht (1932).","src":"https:\/\/i0.wp.com\/www.vanhellenberghubar.org\/wp-content\/uploads\/2020\/11\/Gertrudis-Utrecht-bvhh-2012-10-lq-.jpg?fit=900%2C1200&ssl=1&resize=350%2C200","width":350,"height":200,"srcset":"https:\/\/i0.wp.com\/www.vanhellenberghubar.org\/wp-content\/uploads\/2020\/11\/Gertrudis-Utrecht-bvhh-2012-10-lq-.jpg?fit=900%2C1200&ssl=1&resize=350%2C200 1x, https:\/\/i0.wp.com\/www.vanhellenberghubar.org\/wp-content\/uploads\/2020\/11\/Gertrudis-Utrecht-bvhh-2012-10-lq-.jpg?fit=900%2C1200&ssl=1&resize=525%2C300 1.5x, https:\/\/i0.wp.com\/www.vanhellenberghubar.org\/wp-content\/uploads\/2020\/11\/Gertrudis-Utrecht-bvhh-2012-10-lq-.jpg?fit=900%2C1200&ssl=1&resize=700%2C400 2x"},"classes":[]},{"id":1346,"url":"https:\/\/www.vanhellenberghubar.org\/index.php\/recent\/marrakesh\/leegte\/","url_meta":{"origin":4050,"position":2},"title":"Leegte | Medersa Ben Youssef in Marrakesh","author":"Bernadette van Hellenberg Hubar","date":"8 april 2014","format":false,"excerpt":"Leegte ... ... 't Hele universum in de wand Een duizelingwekkende stapeling van vormen \u00a0in verticaal geordende cassettes waar een statige cadans van hoekige pijlers ritmiek aan verleent Gaan lijnen van robuust naar uiterst teer Het filigrein van de ornamenten herhaalt de thema's keer op keer in de minutieus gedetailleerde\u2026","rel":"","context":"In \"architectuur\"","block_context":{"text":"architectuur","link":"https:\/\/www.vanhellenberghubar.org\/index.php\/tag\/architectuur\/"},"img":{"alt_text":"","src":"https:\/\/i0.wp.com\/www.vanhellenberghubar.org\/wp-content\/uploads\/2014\/04\/Marrakesh-bvhh-19-26-mrt-14-medium-414.jpg?fit=576%2C768&ssl=1&resize=350%2C200","width":350,"height":200,"srcset":"https:\/\/i0.wp.com\/www.vanhellenberghubar.org\/wp-content\/uploads\/2014\/04\/Marrakesh-bvhh-19-26-mrt-14-medium-414.jpg?fit=576%2C768&ssl=1&resize=350%2C200 1x, https:\/\/i0.wp.com\/www.vanhellenberghubar.org\/wp-content\/uploads\/2014\/04\/Marrakesh-bvhh-19-26-mrt-14-medium-414.jpg?fit=576%2C768&ssl=1&resize=525%2C300 1.5x"},"classes":[]},{"id":10029,"url":"https:\/\/www.vanhellenberghubar.org\/index.php\/recent\/gom\/","url_meta":{"origin":4050,"position":3},"title":"#Gom | Gedicht op maandag","author":"Bernadette van Hellenberg Hubar","date":"1 oktober 2017","format":false,"excerpt":"Antonius die Antonius ontmoet (volgt) Contra symfonisch in Wijlre Wilfred Owen | Eerste Wereldoorlog (FB) Klim naar het licht Laatste oordeel Alkmaar revisited (FB) 101 jaar zou ze zijn geworden Trabzon | Stroom Meesterteken | Akkoorden Shete Boka aan de noordkust van Cura\u00e7ao Blinde verering ... Salom\u00e9 Ubi sunt \u2026*\u2026","rel":"","context":"In \"#Gom\"","block_context":{"text":"#Gom","link":"https:\/\/www.vanhellenberghubar.org\/index.php\/tag\/gom\/"},"img":{"alt_text":"Met Kunst der Vormen in Wylre, bezig met een gedicht over dit werk van Leo Vroegindeweij. Collage bvhh.nu 2010.","src":"https:\/\/i0.wp.com\/www.vanhellenberghubar.org\/wp-content\/uploads\/2017\/10\/Collage-Bernadette-KdV-Wylre.jpg?fit=1200%2C844&ssl=1&resize=350%2C200","width":350,"height":200,"srcset":"https:\/\/i0.wp.com\/www.vanhellenberghubar.org\/wp-content\/uploads\/2017\/10\/Collage-Bernadette-KdV-Wylre.jpg?fit=1200%2C844&ssl=1&resize=350%2C200 1x, https:\/\/i0.wp.com\/www.vanhellenberghubar.org\/wp-content\/uploads\/2017\/10\/Collage-Bernadette-KdV-Wylre.jpg?fit=1200%2C844&ssl=1&resize=525%2C300 1.5x, https:\/\/i0.wp.com\/www.vanhellenberghubar.org\/wp-content\/uploads\/2017\/10\/Collage-Bernadette-KdV-Wylre.jpg?fit=1200%2C844&ssl=1&resize=700%2C400 2x, https:\/\/i0.wp.com\/www.vanhellenberghubar.org\/wp-content\/uploads\/2017\/10\/Collage-Bernadette-KdV-Wylre.jpg?fit=1200%2C844&ssl=1&resize=1050%2C600 3x"},"classes":[]},{"id":10043,"url":"https:\/\/www.vanhellenberghubar.org\/index.php\/recent\/gom\/gedicht-op-maandag-op-twitter\/","url_meta":{"origin":4050,"position":4},"title":"Gedicht op maandag | #Gom op Twitter","author":"Bernadette van Hellenberg Hubar","date":"2 oktober 2017","format":false,"excerpt":"De serie 'Gedicht op maandag' #Gom kan direct op twitter bekeken worden via deze link. Wat ik daar nu toch mee wil, met dit soort gedichten, lees je hieronder naar aanleiding van mijn eerste bundel 'Assez de place' (2008). Gedicht op maandag #Gom Mijn eersteling* Ik liep er al een\u2026","rel":"","context":"In \"Assez de place\"","block_context":{"text":"Assez de place","link":"https:\/\/www.vanhellenberghubar.org\/index.php\/tag\/assez-de-place\/"},"img":{"alt_text":"","src":"https:\/\/i0.wp.com\/www.vanhellenberghubar.org\/wp-content\/uploads\/2017\/10\/Assez-de-place-omslag.png?fit=848%2C1200&ssl=1&resize=350%2C200","width":350,"height":200,"srcset":"https:\/\/i0.wp.com\/www.vanhellenberghubar.org\/wp-content\/uploads\/2017\/10\/Assez-de-place-omslag.png?fit=848%2C1200&ssl=1&resize=350%2C200 1x, https:\/\/i0.wp.com\/www.vanhellenberghubar.org\/wp-content\/uploads\/2017\/10\/Assez-de-place-omslag.png?fit=848%2C1200&ssl=1&resize=525%2C300 1.5x, https:\/\/i0.wp.com\/www.vanhellenberghubar.org\/wp-content\/uploads\/2017\/10\/Assez-de-place-omslag.png?fit=848%2C1200&ssl=1&resize=700%2C400 2x"},"classes":[]},{"id":12218,"url":"https:\/\/www.vanhellenberghubar.org\/index.php\/recent\/gom\/doorverwijzing-kleurenvanger\/","url_meta":{"origin":4050,"position":5},"title":"In de greep van de kleurenvanger *","author":"Bernadette van Hellenberg Hubar","date":"23 juni 2018","format":false,"excerpt":"Deze pagina vormt een doorverwijzing naar het gedicht Kleurenvanger. Weet je op welk item deze woordenwolk slaat? Mail me dan of reageer hieronder en wie weet heb ik wat aardigs voor je. Meer weten over mijn gedichten? Volg dan deze link. ;-) B.","rel":"","context":"In \"gedichten\"","block_context":{"text":"gedichten","link":"https:\/\/www.vanhellenberghubar.org\/index.php\/tag\/gedichten\/"},"img":{"alt_text":"Doorverwijzing kleurenvanger | Dit is een doorverwijzing naar een van de gedichten. Woordenwolk bvhh.nu 2018.","src":"https:\/\/i0.wp.com\/www.vanhellenberghubar.org\/wp-content\/uploads\/2018\/06\/Dichtwolk-doorverwijzing-7-600x441.png?resize=350%2C200&ssl=1","width":350,"height":200,"srcset":"https:\/\/i0.wp.com\/www.vanhellenberghubar.org\/wp-content\/uploads\/2018\/06\/Dichtwolk-doorverwijzing-7-600x441.png?resize=350%2C200&ssl=1 1x, https:\/\/i0.wp.com\/www.vanhellenberghubar.org\/wp-content\/uploads\/2018\/06\/Dichtwolk-doorverwijzing-7-600x441.png?resize=525%2C300&ssl=1 1.5x"},"classes":[]}],"jetpack_likes_enabled":true,"_links":{"self":[{"href":"https:\/\/www.vanhellenberghubar.org\/index.php\/wp-json\/wp\/v2\/pages\/4050","targetHints":{"allow":["GET"]}}],"collection":[{"href":"https:\/\/www.vanhellenberghubar.org\/index.php\/wp-json\/wp\/v2\/pages"}],"about":[{"href":"https:\/\/www.vanhellenberghubar.org\/index.php\/wp-json\/wp\/v2\/types\/page"}],"author":[{"embeddable":true,"href":"https:\/\/www.vanhellenberghubar.org\/index.php\/wp-json\/wp\/v2\/users\/2"}],"replies":[{"embeddable":true,"href":"https:\/\/www.vanhellenberghubar.org\/index.php\/wp-json\/wp\/v2\/comments?post=4050"}],"version-history":[{"count":5,"href":"https:\/\/www.vanhellenberghubar.org\/index.php\/wp-json\/wp\/v2\/pages\/4050\/revisions"}],"predecessor-version":[{"id":12795,"href":"https:\/\/www.vanhellenberghubar.org\/index.php\/wp-json\/wp\/v2\/pages\/4050\/revisions\/12795"}],"up":[{"embeddable":true,"href":"https:\/\/www.vanhellenberghubar.org\/index.php\/wp-json\/wp\/v2\/pages\/14344"}],"wp:featuredmedia":[{"embeddable":true,"href":"https:\/\/www.vanhellenberghubar.org\/index.php\/wp-json\/wp\/v2\/media\/10469"}],"wp:attachment":[{"href":"https:\/\/www.vanhellenberghubar.org\/index.php\/wp-json\/wp\/v2\/media?parent=4050"}],"wp:term":[{"taxonomy":"post_tag","embeddable":true,"href":"https:\/\/www.vanhellenberghubar.org\/index.php\/wp-json\/wp\/v2\/tags?post=4050"}],"curies":[{"name":"wp","href":"https:\/\/api.w.org\/{rel}","templated":true}]}}